{"id":582,"date":"2021-12-13T05:24:19","date_gmt":"2021-12-13T05:24:19","guid":{"rendered":"https:\/\/blockart-agency.sites.qsandbox.com\/?page_id=582"},"modified":"2022-12-14T10:01:35","modified_gmt":"2022-12-14T10:01:35","slug":"fale-conosco","status":"publish","type":"page","link":"https:\/\/comerciariossantarosa.com.br\/wfe\/fale-conosco\/","title":{"rendered":"Fale Conosco"},"content":{"rendered":"\n<div class=\"blockart-section blockart-section-cd33f423\"><div class=\"blockart-container\"><div class=\"blockart-section-inner\">\n<div class=\"blockart-column blockart-column-f68eb99e\"><div class=\"blockart-column-inner\"><\/div><\/div>\n\n\n\n<div class=\"blockart-column blockart-column-fd84efa4\"><div class=\"blockart-column-inner\">\n<h2 class=\"blockart-heading blockart-heading-19bfe100\">Fale Conosco<\/h2>\n\n\n\n<p class=\"has-text-align-center has-medium-font-size\">Entre em contato conosco atrav\u00e9s do telefone, e-mail ou venha nos visitar.<br>Atendemos de Segunda \u00e0 sexta-feira das 07h30 \u00e0s 11h e das 13h30 \u00e0s 17h<\/p>\n<\/div><\/div>\n\n\n\n<div class=\"blockart-column blockart-column-b7b86a36\"><div class=\"blockart-column-inner\"><\/div><\/div>\n<\/div><\/div><\/div>\n\n\n\n<div class=\"alignfull blockart-section blockart-section-7f0b9e84 alignfull\"><div class=\"blockart-container\"><div class=\"blockart-section-inner\">\n<div class=\"blockart-column blockart-column-66d05ad2\"><div class=\"blockart-column-inner\">\n<div class=\"blockart-image blockart-image-8afda084\"><img loading=\"lazy\" decoding=\"async\" class=\"wp-image-1312\" src=\"http:\/\/comerciariossantarosa.com.br\/wfe\/wp-content\/uploads\/2022\/10\/icon-04.png\" alt=\"\" height=\"626\" width=\"625\" srcset=\"https:\/\/comerciariossantarosa.com.br\/wfe\/wp-content\/uploads\/2022\/10\/icon-04.png 625w, https:\/\/comerciariossantarosa.com.br\/wfe\/wp-content\/uploads\/2022\/10\/icon-04-300x300.png 300w, https:\/\/comerciariossantarosa.com.br\/wfe\/wp-content\/uploads\/2022\/10\/icon-04-150x150.png 150w\" sizes=\"auto, (max-width: 625px) 100vw, 625px\" \/><\/div>\n\n\n\n<h3 class=\"blockart-heading blockart-heading-5ff99543\">Visite-nos!<\/h3>\n\n\n\n<p class=\"blockart-paragraph blockart-paragraph-32c36aae\">Rua Ant\u00f4nio Carlos Borges, 90<br> (pr\u00f3ximo SESC) Santa Rosa\/RS<\/p>\n<\/div><\/div>\n\n\n\n<div class=\"blockart-column blockart-column-7f098b3c\"><div class=\"blockart-column-inner\">\n<div class=\"blockart-image blockart-image-0dd1eaa8\"><img loading=\"lazy\" decoding=\"async\" class=\"wp-image-1313\" src=\"http:\/\/comerciariossantarosa.com.br\/wfe\/wp-content\/uploads\/2022\/10\/icon-05.png\" alt=\"\" height=\"626\" width=\"626\" srcset=\"https:\/\/comerciariossantarosa.com.br\/wfe\/wp-content\/uploads\/2022\/10\/icon-05.png 626w, https:\/\/comerciariossantarosa.com.br\/wfe\/wp-content\/uploads\/2022\/10\/icon-05-300x300.png 300w, https:\/\/comerciariossantarosa.com.br\/wfe\/wp-content\/uploads\/2022\/10\/icon-05-150x150.png 150w\" sizes=\"auto, (max-width: 626px) 100vw, 626px\" \/><\/div>\n\n\n\n<h3 class=\"blockart-heading blockart-heading-3d73d5f0\">Ligue<\/h3>\n\n\n\n<p class=\"blockart-paragraph blockart-paragraph-181711de\"><strong>55 3512-6877<\/strong><\/p>\n\n\n\n<p class=\"blockart-paragraph blockart-paragraph-7ba390c9\"><strong>55 99708-1886<\/strong><\/p>\n\n\n<\/div><\/div>\n\n\n\n<div class=\"blockart-column blockart-column-3a5e409f\"><div class=\"blockart-column-inner\">\n<div class=\"blockart-image blockart-image-5f1cde54\"><img loading=\"lazy\" decoding=\"async\" class=\"wp-image-1314\" src=\"http:\/\/comerciariossantarosa.com.br\/wfe\/wp-content\/uploads\/2022\/10\/icon-06.png\" alt=\"\" height=\"626\" width=\"626\" srcset=\"https:\/\/comerciariossantarosa.com.br\/wfe\/wp-content\/uploads\/2022\/10\/icon-06.png 626w, https:\/\/comerciariossantarosa.com.br\/wfe\/wp-content\/uploads\/2022\/10\/icon-06-300x300.png 300w, https:\/\/comerciariossantarosa.com.br\/wfe\/wp-content\/uploads\/2022\/10\/icon-06-150x150.png 150w\" sizes=\"auto, (max-width: 626px) 100vw, 626px\" \/><\/div>\n\n\n\n<h4 class=\"blockart-heading blockart-heading-aa76bba1\">Envie sua mensagem<\/h4>\n\n\n\n<div class=\"wp-block-columns is-layout-flex wp-container-core-columns-is-layout-9d6595d7 wp-block-columns-is-layout-flex\">\n<div class=\"wp-block-column is-layout-flow wp-block-column-is-layout-flow\" style=\"flex-basis:100%\">\n<div class=\"forminator-guttenberg\"><div class=\"forminator-ui forminator-custom-form forminator-custom-form-1357 forminator-design--flat  forminator_ajax\" data-forminator-render=\"0\" data-form=\"forminator-module-1357\" data-uid=\"69d4db19501ad\"><br\/><\/div><form\n\t\t\t\tid=\"forminator-module-1357\"\n\t\t\t\tclass=\"forminator-ui forminator-custom-form forminator-custom-form-1357 forminator-design--flat  forminator_ajax\"\n\t\t\t\tmethod=\"post\"\n\t\t\t\tdata-forminator-render=\"0\"\n\t\t\t\tdata-form-id=\"1357\"\n\t\t\t\t\n\t\t\t\tdata-design=\"flat\"\n\t\t\t\t\n\t\t\t\t\n\t\t\t\t\n\t\t\t\tdata-grid=\"open\"\n\t\t\t\t\n\t\t\t\t\n\t\t\t\tstyle=\"display: none;\"\n\t\t\t\t\n\t\t\t\tdata-uid=\"69d4db19501ad\"\n\t\t\t><div role=\"alert\" aria-live=\"polite\" class=\"forminator-response-message forminator-error\" aria-hidden=\"true\"><\/div><div class=\"forminator-row\"><div id=\"name-1\" class=\"forminator-field-name forminator-col forminator-col-4 \"><div class=\"forminator-field\"><label for=\"forminator-field-name-1_69d4db19501ad\" id=\"forminator-field-name-1_69d4db19501ad-label\" class=\"forminator-label\">Nome<\/label><input type=\"text\" name=\"name-1\" value=\"\" placeholder=\"Em caso de Den\u00fancia n\u00e3o precisa preencher\" id=\"forminator-field-name-1_69d4db19501ad\" class=\"forminator-input forminator-name--field\" aria-required=\"false\" \/><\/div><\/div><div id=\"email-1\" class=\"forminator-field-email forminator-col forminator-col-4 \"><div class=\"forminator-field\"><label for=\"forminator-field-email-1_69d4db19501ad\" id=\"forminator-field-email-1_69d4db19501ad-label\" class=\"forminator-label\">E-mail <span class=\"forminator-required\">*<\/span><\/label><input type=\"email\" name=\"email-1\" value=\"\" placeholder=\"Em caso de Den\u00fancia n\u00e3o precisa preencher\" id=\"forminator-field-email-1_69d4db19501ad\" class=\"forminator-input forminator-email--field\" data-required=\"1\" aria-required=\"true\" \/><\/div><\/div><div id=\"phone-1\" class=\"forminator-field-phone forminator-col forminator-col-4 \"><div class=\"forminator-field\"><label for=\"forminator-field-phone-1_69d4db19501ad\" id=\"forminator-field-phone-1_69d4db19501ad-label\" class=\"forminator-label\">Telefone\/WhatsApp <span class=\"forminator-required\">*<\/span><\/label><input type=\"text\" name=\"phone-1\" value=\"\" placeholder=\"Em caso de Den\u00fancia n\u00e3o precisa preencher\" id=\"forminator-field-phone-1_69d4db19501ad\" class=\"forminator-input forminator-field--phone\" data-required=\"1\" aria-required=\"true\" autocomplete=\"off\" \/><\/div><\/div><\/div><div class=\"forminator-row\"><div id=\"textarea-1\" class=\"forminator-field-textarea forminator-col forminator-col-12 \"><div class=\"forminator-field\"><label for=\"forminator-field-textarea-1_69d4db19501ad\" id=\"forminator-field-textarea-1_69d4db19501ad-label\" class=\"forminator-label\">Mensagem<\/label><textarea name=\"textarea-1\" placeholder=\"Em caso de Den\u00fancia, diga-nos o que est\u00e1 acontecendo em seu local de trabalho. Sua den\u00fancia \u00e9 an\u00f4nima.\" id=\"forminator-field-textarea-1_69d4db19501ad\" class=\"forminator-textarea\" rows=\"6\" style=\"min-height:140px;\" ><\/textarea><\/div><\/div><\/div><div class=\"forminator-row\"><div id=\"captcha-1\" class=\"forminator-field-captcha forminator-col forminator-col-12 \"><div class=\"forminator-captcha-left forminator-g-recaptcha recaptcha-invisible\" data-theme=\"light\" data-badge=\"inline\" data-sitekey=\"6Lc9HXwjAAAAAIvpU0pNA4IY9i-7EWbwd_4oHakj\" data-size=\"invisible\"><\/div> <\/div><\/div><input type=\"hidden\" name=\"referer_url\" value=\"\" \/><div class=\"forminator-row forminator-row-last\"><div class=\"forminator-col\"><div class=\"forminator-field\"><button class=\"forminator-button forminator-button-submit\">Enviar mensagem<\/button><\/div><\/div><\/div><input type=\"hidden\" id=\"forminator_nonce\" name=\"forminator_nonce\" value=\"86b38f41d7\" \/><input type=\"hidden\" name=\"_wp_http_referer\" value=\"\/wfe\/wp-json\/wp\/v2\/pages\/582\" \/><input type=\"hidden\" name=\"form_id\" value=\"1357\"><input type=\"hidden\" name=\"page_id\" value=\"582\"><input type=\"hidden\" name=\"form_type\" value=\"default\"><input type=\"hidden\" name=\"current_url\" value=\"https:\/\/comerciariossantarosa.com.br\/wfe\/fale-conosco\/\"><input type=\"hidden\" name=\"render_id\" value=\"0\"><input type=\"hidden\" name=\"action\" value=\"forminator_submit_form_custom-forms\"><\/form><\/div>\n<\/div>\n<\/div>\n<\/div><\/div>\n<\/div><\/div><\/div>\n\n\n\n<div class=\"blockart-section blockart-section-979ffdef\"><div class=\"blockart-container-fluid\"><div class=\"blockart-section-inner\">\n<div class=\"blockart-column blockart-column-9d2964c2\"><div class=\"blockart-column-inner\">\n<iframe src=\"https:\/\/www.google.com\/maps\/embed?pb=!1m18!1m12!1m3!1d996.9580882458125!2d-54.468603441358574!3d-27.865278086030926!2m3!1f0!2f0!3f0!3m2!1i1024!2i768!4f13.1!3m3!1m2!1s0x94f935c81768de97%3A0x7ca2d36d4db87aa5!2sSindicato%20dos%20Empregados%20do%20Com%C3%A9rcio%20de%20Santa%20Rosa!5e0!3m2!1spt-BR!2sbr!4v1666990367539!5m2!1spt-BR!2sbr\" width=\"2600\" height=\"500\" style=\"border:0;\" allowfullscreen=\"\" loading=\"lazy\" referrerpolicy=\"no-referrer-when-downgrade\"><\/iframe>\n<\/div><\/div>\n<\/div><\/div><\/div>\n","protected":false},"excerpt":{"rendered":"","protected":false},"author":1,"featured_media":0,"parent":0,"menu_order":0,"comment_status":"closed","ping_status":"closed","template":"page-templates\/pagebuilder.php","meta":{"footnotes":""},"class_list":["post-582","page","type-page","status-publish","hentry"],"_links":{"self":[{"href":"https:\/\/comerciariossantarosa.com.br\/wfe\/wp-json\/wp\/v2\/pages\/582","targetHints":{"allow":["GET"]}}],"collection":[{"href":"https:\/\/comerciariossantarosa.com.br\/wfe\/wp-json\/wp\/v2\/pages"}],"about":[{"href":"https:\/\/comerciariossantarosa.com.br\/wfe\/wp-json\/wp\/v2\/types\/page"}],"author":[{"embeddable":true,"href":"https:\/\/comerciariossantarosa.com.br\/wfe\/wp-json\/wp\/v2\/users\/1"}],"replies":[{"embeddable":true,"href":"https:\/\/comerciariossantarosa.com.br\/wfe\/wp-json\/wp\/v2\/comments?post=582"}],"version-history":[{"count":41,"href":"https:\/\/comerciariossantarosa.com.br\/wfe\/wp-json\/wp\/v2\/pages\/582\/revisions"}],"predecessor-version":[{"id":1853,"href":"https:\/\/comerciariossantarosa.com.br\/wfe\/wp-json\/wp\/v2\/pages\/582\/revisions\/1853"}],"wp:attachment":[{"href":"https:\/\/comerciariossantarosa.com.br\/wfe\/wp-json\/wp\/v2\/media?parent=582"}],"curies":[{"name":"wp","href":"https:\/\/api.w.org\/{rel}","templated":true}]}}