{"id":1921,"date":"2022-12-14T11:34:54","date_gmt":"2022-12-14T11:34:54","guid":{"rendered":"http:\/\/comerciariossantarosa.com.br\/wfe\/?page_id=1921"},"modified":"2023-04-13T12:38:07","modified_gmt":"2023-04-13T12:38:07","slug":"editais","status":"publish","type":"page","link":"https:\/\/comerciariossantarosa.com.br\/wfe\/editais\/","title":{"rendered":"Editais"},"content":{"rendered":"\n<div class=\"wp-block-file\"><a id=\"wp-block-file--media-792b4a64-cdc6-46f7-9d13-9265912f5930\" href=\"http:\/\/comerciariossantarosa.com.br\/wfe\/wp-content\/uploads\/2022\/12\/edital2022.pdf\">Edital de Convoca\u00e7\u00e3o &#8211; <strong>ELEI\u00c7\u00d5ES SINDICAIS<\/strong> <strong>2022<\/strong><\/a><a href=\"http:\/\/comerciariossantarosa.com.br\/wfe\/wp-content\/uploads\/2022\/12\/edital2022.pdf\" class=\"wp-block-file__button wp-element-button\" download aria-describedby=\"wp-block-file--media-792b4a64-cdc6-46f7-9d13-9265912f5930\">Baixar<\/a><\/div>\n","protected":false},"excerpt":{"rendered":"","protected":false},"author":1,"featured_media":0,"parent":0,"menu_order":0,"comment_status":"closed","ping_status":"closed","template":"","meta":{"footnotes":""},"class_list":["post-1921","page","type-page","status-publish","hentry"],"_links":{"self":[{"href":"https:\/\/comerciariossantarosa.com.br\/wfe\/wp-json\/wp\/v2\/pages\/1921","targetHints":{"allow":["GET"]}}],"collection":[{"href":"https:\/\/comerciariossantarosa.com.br\/wfe\/wp-json\/wp\/v2\/pages"}],"about":[{"href":"https:\/\/comerciariossantarosa.com.br\/wfe\/wp-json\/wp\/v2\/types\/page"}],"author":[{"embeddable":true,"href":"https:\/\/comerciariossantarosa.com.br\/wfe\/wp-json\/wp\/v2\/users\/1"}],"replies":[{"embeddable":true,"href":"https:\/\/comerciariossantarosa.com.br\/wfe\/wp-json\/wp\/v2\/comments?post=1921"}],"version-history":[{"count":6,"href":"https:\/\/comerciariossantarosa.com.br\/wfe\/wp-json\/wp\/v2\/pages\/1921\/revisions"}],"predecessor-version":[{"id":2212,"href":"https:\/\/comerciariossantarosa.com.br\/wfe\/wp-json\/wp\/v2\/pages\/1921\/revisions\/2212"}],"wp:attachment":[{"href":"https:\/\/comerciariossantarosa.com.br\/wfe\/wp-json\/wp\/v2\/media?parent=1921"}],"curies":[{"name":"wp","href":"https:\/\/api.w.org\/{rel}","templated":true}]}}