{"id":1660,"date":"2022-11-10T12:48:16","date_gmt":"2022-11-10T12:48:16","guid":{"rendered":"http:\/\/comerciariossantarosa.com.br\/wfe\/?page_id=1660"},"modified":"2022-12-14T11:30:51","modified_gmt":"2022-12-14T11:30:51","slug":"denuncie","status":"publish","type":"page","link":"https:\/\/comerciariossantarosa.com.br\/wfe\/denuncie\/","title":{"rendered":"Den\u00fancie!"},"content":{"rendered":"\n<p><\/p>\n\n\n\n<div class=\"forminator-guttenberg\"><div class=\"forminator-ui forminator-custom-form forminator-custom-form-1915 forminator-design--default  forminator_ajax\" data-forminator-render=\"0\" data-form=\"forminator-module-1915\" data-uid=\"69d4f7fd742be\"><br\/><\/div><form\n\t\t\t\tid=\"forminator-module-1915\"\n\t\t\t\tclass=\"forminator-ui forminator-custom-form forminator-custom-form-1915 forminator-design--default  forminator_ajax\"\n\t\t\t\tmethod=\"post\"\n\t\t\t\tdata-forminator-render=\"0\"\n\t\t\t\tdata-form-id=\"1915\"\n\t\t\t\t\n\t\t\t\tdata-design=\"default\"\n\t\t\t\t\n\t\t\t\t\n\t\t\t\t\n\t\t\t\tdata-grid=\"open\"\n\t\t\t\t\n\t\t\t\t\n\t\t\t\tstyle=\"display: none;\"\n\t\t\t\t\n\t\t\t\tdata-uid=\"69d4f7fd742be\"\n\t\t\t><div role=\"alert\" aria-live=\"polite\" class=\"forminator-response-message forminator-error\" aria-hidden=\"true\"><\/div><div class=\"forminator-row\"><div id=\"name-1\" class=\"forminator-field-name forminator-col forminator-col-4 \"><div class=\"forminator-field\"><label for=\"forminator-field-name-1_69d4f7fd742be\" id=\"forminator-field-name-1_69d4f7fd742be-label\" class=\"forminator-label\">Nome<\/label><input type=\"text\" name=\"name-1\" value=\"\" placeholder=\"Em caso de Den\u00fancia n\u00e3o precisa preencher\" id=\"forminator-field-name-1_69d4f7fd742be\" class=\"forminator-input forminator-name--field\" aria-required=\"false\" \/><\/div><\/div><div id=\"email-1\" class=\"forminator-field-email forminator-col forminator-col-4 \"><div class=\"forminator-field\"><label for=\"forminator-field-email-1_69d4f7fd742be\" id=\"forminator-field-email-1_69d4f7fd742be-label\" class=\"forminator-label\">E-mail <span class=\"forminator-required\">*<\/span><\/label><input type=\"email\" name=\"email-1\" value=\"\" placeholder=\"Email Obrigat\u00f3rio\" id=\"forminator-field-email-1_69d4f7fd742be\" class=\"forminator-input forminator-email--field\" data-required=\"1\" aria-required=\"true\" \/><\/div><\/div><div id=\"phone-1\" class=\"forminator-field-phone forminator-col forminator-col-4 \"><div class=\"forminator-field\"><label for=\"forminator-field-phone-1_69d4f7fd742be\" id=\"forminator-field-phone-1_69d4f7fd742be-label\" class=\"forminator-label\">Telefone\/WhatsApp <span class=\"forminator-required\">*<\/span><\/label><input type=\"text\" name=\"phone-1\" value=\"\" placeholder=\"Telefone Obrigat\u00f3rio\" id=\"forminator-field-phone-1_69d4f7fd742be\" class=\"forminator-input forminator-field--phone\" data-required=\"1\" aria-required=\"true\" autocomplete=\"off\" \/><\/div><\/div><\/div><div class=\"forminator-row\"><div id=\"textarea-1\" class=\"forminator-field-textarea forminator-col forminator-col-12 \"><div class=\"forminator-field\"><label for=\"forminator-field-textarea-1_69d4f7fd742be\" id=\"forminator-field-textarea-1_69d4f7fd742be-label\" class=\"forminator-label\">Mensagem<\/label><textarea name=\"textarea-1\" placeholder=\"Em caso de Den\u00fancia, diga-nos o que est\u00e1 acontecendo em seu local de trabalho. Sua den\u00fancia \u00e9 an\u00f4nima.\" id=\"forminator-field-textarea-1_69d4f7fd742be\" class=\"forminator-textarea\" rows=\"6\" style=\"min-height:140px;\" ><\/textarea><\/div><\/div><\/div><div class=\"forminator-row\"><div id=\"captcha-1\" class=\"forminator-field-captcha forminator-col forminator-col-12 \"><div class=\"forminator-captcha-left forminator-g-recaptcha recaptcha-invisible\" data-theme=\"light\" data-badge=\"inline\" data-sitekey=\"6Lc9HXwjAAAAAIvpU0pNA4IY9i-7EWbwd_4oHakj\" data-size=\"invisible\"><\/div> <\/div><\/div><input type=\"hidden\" name=\"referer_url\" value=\"\" \/><div class=\"forminator-row forminator-row-last\"><div class=\"forminator-col\"><div class=\"forminator-field\"><button class=\"forminator-button forminator-button-submit\">Enviar mensagem<\/button><\/div><\/div><\/div><input type=\"hidden\" id=\"forminator_nonce\" name=\"forminator_nonce\" value=\"33664ef617\" \/><input type=\"hidden\" name=\"_wp_http_referer\" value=\"\/wfe\/wp-json\/wp\/v2\/pages\/1660\" \/><input type=\"hidden\" name=\"form_id\" value=\"1915\"><input type=\"hidden\" name=\"page_id\" value=\"1660\"><input type=\"hidden\" name=\"form_type\" value=\"default\"><input type=\"hidden\" name=\"current_url\" value=\"https:\/\/comerciariossantarosa.com.br\/wfe\/denuncie\/\"><input type=\"hidden\" name=\"render_id\" value=\"0\"><input type=\"hidden\" name=\"action\" value=\"forminator_submit_form_custom-forms\"><\/form><\/div>\n","protected":false},"excerpt":{"rendered":"","protected":false},"author":1,"featured_media":0,"parent":0,"menu_order":0,"comment_status":"closed","ping_status":"closed","template":"","meta":{"footnotes":""},"class_list":["post-1660","page","type-page","status-publish","hentry"],"_links":{"self":[{"href":"https:\/\/comerciariossantarosa.com.br\/wfe\/wp-json\/wp\/v2\/pages\/1660","targetHints":{"allow":["GET"]}}],"collection":[{"href":"https:\/\/comerciariossantarosa.com.br\/wfe\/wp-json\/wp\/v2\/pages"}],"about":[{"href":"https:\/\/comerciariossantarosa.com.br\/wfe\/wp-json\/wp\/v2\/types\/page"}],"author":[{"embeddable":true,"href":"https:\/\/comerciariossantarosa.com.br\/wfe\/wp-json\/wp\/v2\/users\/1"}],"replies":[{"embeddable":true,"href":"https:\/\/comerciariossantarosa.com.br\/wfe\/wp-json\/wp\/v2\/comments?post=1660"}],"version-history":[{"count":2,"href":"https:\/\/comerciariossantarosa.com.br\/wfe\/wp-json\/wp\/v2\/pages\/1660\/revisions"}],"predecessor-version":[{"id":1917,"href":"https:\/\/comerciariossantarosa.com.br\/wfe\/wp-json\/wp\/v2\/pages\/1660\/revisions\/1917"}],"wp:attachment":[{"href":"https:\/\/comerciariossantarosa.com.br\/wfe\/wp-json\/wp\/v2\/media?parent=1660"}],"curies":[{"name":"wp","href":"https:\/\/api.w.org\/{rel}","templated":true}]}}