{"id":1211,"date":"2022-10-31T12:38:56","date_gmt":"2022-10-31T12:38:56","guid":{"rendered":"http:\/\/comerciariossantarosa.com.br\/wfe\/?page_id=1211"},"modified":"2022-10-31T12:38:57","modified_gmt":"2022-10-31T12:38:57","slug":"sindicalize-se","status":"publish","type":"page","link":"https:\/\/comerciariossantarosa.com.br\/wfe\/sindicalize-se\/","title":{"rendered":"Sindicalize-se!"},"content":{"rendered":"\n<div class=\"blockart-section blockart-section-ca5cb2cb\"><div class=\"blockart-container\"><div class=\"blockart-section-inner\">\n<div class=\"blockart-column blockart-column-43095fc3\"><div class=\"blockart-column-inner\">\n<div class=\"forminator-guttenberg\"><div class=\"forminator-ui forminator-custom-form forminator-custom-form-1210 forminator-design--default  forminator_ajax\" data-forminator-render=\"0\" data-form=\"forminator-module-1210\" data-uid=\"69d4fb54c5af6\"><br\/><\/div><form\n\t\t\t\tid=\"forminator-module-1210\"\n\t\t\t\tclass=\"forminator-ui forminator-custom-form forminator-custom-form-1210 forminator-design--default  forminator_ajax\"\n\t\t\t\tmethod=\"post\"\n\t\t\t\tdata-forminator-render=\"0\"\n\t\t\t\tdata-form-id=\"1210\"\n\t\t\t\t\n\t\t\t\tdata-design=\"default\"\n\t\t\t\t\n\t\t\t\t\n\t\t\t\t\n\t\t\t\tdata-grid=\"open\"\n\t\t\t\t\n\t\t\t\t\n\t\t\t\tstyle=\"display: none;\"\n\t\t\t\t\n\t\t\t\tdata-uid=\"69d4fb54c5af6\"\n\t\t\t><div role=\"alert\" aria-live=\"polite\" class=\"forminator-response-message forminator-error\" aria-hidden=\"true\"><\/div><div class=\"forminator-row\"><div id=\"section-1\" class=\"forminator-field-section forminator-col forminator-col-12 \"><div class=\"forminator-field\"><h2 class=\"forminator-title\">DADOS PESSOAIS<\/h2><hr class=\"forminator-border\" style=\"border: 1px solid 1;\" \/><\/div><\/div><\/div><div class=\"forminator-row\"><div id=\"name-1\" class=\"forminator-field-name forminator-col forminator-col-4 \"><div class=\"forminator-field\"><label for=\"forminator-field-name-1_69d4fb54c5af6\" id=\"forminator-field-name-1_69d4fb54c5af6-label\" class=\"forminator-label\">Nome Completo<\/label><input type=\"text\" name=\"name-1\" value=\"\" placeholder=\"\" id=\"forminator-field-name-1_69d4fb54c5af6\" class=\"forminator-input forminator-name--field\" aria-required=\"false\" \/><\/div><\/div><div id=\"select-1\" class=\"forminator-field-select forminator-col forminator-col-4 \"><div class=\"forminator-field\"><label for=\"forminator-form-1210__field--select-1_69d4fb54c5af6\" id=\"forminator-form-1210__field--select-1_69d4fb54c5af6-label\" class=\"forminator-label\">Sexo<\/label><select  id=\"forminator-form-1210__field--select-1_69d4fb54c5af6\" class=\"forminator-select--field forminator-select2 forminator-select2-multiple\" data-required=\"\" name=\"select-1\" data-default-value=\"\" data-placeholder=\"\" data-search=\"false\" data-search-placeholder=\"\" data-checkbox=\"false\" data-allow-clear=\"false\" aria-labelledby=\"forminator-form-1210__field--select-1_69d4fb54c5af6-label\"><option value=\"one\"  data-calculation=\"0\">F<\/option><option value=\"two\"  data-calculation=\"0\">M<\/option><\/select><\/div><\/div><div id=\"date-1\" class=\"forminator-field-date forminator-col forminator-col-4 \"><div class=\"forminator-field\"><label for=\"forminator-field-date-1-picker_69d4fb54c5af6\" id=\"forminator-field-date-1-picker_69d4fb54c5af6-label\" class=\"forminator-label\">Nascimento<\/label><div class=\"forminator-input-with-icon\"><span class=\"forminator-icon-calendar\" aria-hidden=\"true\"><\/span><input autocomplete=\"off\" type=\"text\" size=\"1\" name=\"date-1\" value=\"\" placeholder=\"Escolher Data\" id=\"forminator-field-date-1-picker_69d4fb54c5af6\" class=\"forminator-input forminator-datepicker\" data-required=\"\" data-format=\"dd-mm-yy\" data-restrict-type=\"\" data-restrict=\"\" data-start-year=\"1926\" data-end-year=\"2126\" data-past-dates=\"enable\" data-start-of-week=\"1\" data-start-date=\"\" data-end-date=\"\" data-start-field=\"\" data-end-field=\"\" data-start-offset=\"\" data-end-offset=\"\" data-disable-date=\"\" data-disable-range=\"\" \/><\/div><\/div><\/div><\/div><div class=\"forminator-row\"><div id=\"number-1\" class=\"forminator-field-number forminator-col forminator-col-6 \"><div class=\"forminator-field\"><label for=\"forminator-field-number-1_69d4fb54c5af6\" id=\"forminator-field-number-1_69d4fb54c5af6-label\" class=\"forminator-label\">RG<\/label><input name=\"number-1\" value=\"\" placeholder=\"\" id=\"forminator-field-number-1_69d4fb54c5af6\" class=\"forminator-input forminator-number--field\" inputmode=\"decimal\" data-required=\"\" data-decimals=\"0\" aria-required=\"false\" data-inputmask=\"&#039;groupSeparator&#039;: &#039;&#039;, &#039;radixPoint&#039;: &#039;&#039;, &#039;digits&#039;: &#039;0&#039;\" type=\"number\" step=\"any\" min=\"\" \/><\/div><\/div><div id=\"number-2\" class=\"forminator-field-number forminator-col forminator-col-6 \"><div class=\"forminator-field\"><label for=\"forminator-field-number-2_69d4fb54c5af6\" id=\"forminator-field-number-2_69d4fb54c5af6-label\" class=\"forminator-label\">CPF<\/label><input name=\"number-2\" value=\"\" placeholder=\"\" id=\"forminator-field-number-2_69d4fb54c5af6\" class=\"forminator-input forminator-number--field\" inputmode=\"decimal\" data-required=\"\" data-decimals=\"0\" aria-required=\"false\" data-inputmask=\"&#039;groupSeparator&#039;: &#039;&#039;, &#039;radixPoint&#039;: &#039;&#039;, &#039;digits&#039;: &#039;0&#039;\" type=\"number\" step=\"any\" min=\"\" \/><\/div><\/div><\/div><div class=\"forminator-row\"><div id=\"text-1\" class=\"forminator-field-text forminator-col forminator-col-6 \"><div class=\"forminator-field\"><label for=\"forminator-field-text-1_69d4fb54c5af6\" id=\"forminator-field-text-1_69d4fb54c5af6-label\" class=\"forminator-label\">Nacionalidade<\/label><input type=\"text\" name=\"text-1\" value=\"\" placeholder=\"\" id=\"forminator-field-text-1_69d4fb54c5af6\" class=\"forminator-input forminator-name--field\" data-required=\"\" \/><\/div><\/div><div id=\"text-2\" class=\"forminator-field-text forminator-col forminator-col-6 \"><div class=\"forminator-field\"><label for=\"forminator-field-text-2_69d4fb54c5af6\" id=\"forminator-field-text-2_69d4fb54c5af6-label\" class=\"forminator-label\">Naturalidade<\/label><input type=\"text\" name=\"text-2\" value=\"\" placeholder=\"\" id=\"forminator-field-text-2_69d4fb54c5af6\" class=\"forminator-input forminator-name--field\" data-required=\"\" \/><\/div><\/div><\/div><div class=\"forminator-row\"><div id=\"text-5\" class=\"forminator-field-text forminator-col forminator-col-6 \"><div class=\"forminator-field\"><label for=\"forminator-field-text-5_69d4fb54c5af6\" id=\"forminator-field-text-5_69d4fb54c5af6-label\" class=\"forminator-label\">Nome da M\u00e3e<\/label><input type=\"text\" name=\"text-5\" value=\"\" placeholder=\"\" id=\"forminator-field-text-5_69d4fb54c5af6\" class=\"forminator-input forminator-name--field\" data-required=\"\" \/><\/div><\/div><div id=\"text-4\" class=\"forminator-field-text forminator-col forminator-col-6 \"><div class=\"forminator-field\"><label for=\"forminator-field-text-4_69d4fb54c5af6\" id=\"forminator-field-text-4_69d4fb54c5af6-label\" class=\"forminator-label\">Nome do Pai<\/label><input type=\"text\" name=\"text-4\" value=\"\" placeholder=\"\" id=\"forminator-field-text-4_69d4fb54c5af6\" class=\"forminator-input forminator-name--field\" data-required=\"\" \/><\/div><\/div><\/div><div class=\"forminator-row\"><div id=\"select-2\" class=\"forminator-field-select forminator-col forminator-col-4 \"><div class=\"forminator-field\"><label for=\"forminator-form-1210__field--select-2_69d4fb54c5af6\" id=\"forminator-form-1210__field--select-2_69d4fb54c5af6-label\" class=\"forminator-label\">Estado Civil<\/label><select  id=\"forminator-form-1210__field--select-2_69d4fb54c5af6\" class=\"forminator-select--field forminator-select2 forminator-select2-multiple\" data-required=\"\" name=\"select-2\" data-default-value=\"\" data-placeholder=\"Estado Civil\" data-search=\"false\" data-search-placeholder=\"Estado Civil\" data-checkbox=\"false\" data-allow-clear=\"false\" aria-labelledby=\"forminator-form-1210__field--select-2_69d4fb54c5af6-label\"><option value=\"\"  >Estado Civil<\/option><option value=\"one\"  data-calculation=\"0\">Casado(a)<\/option><option value=\"two\"  data-calculation=\"0\">Solteiro(a)<\/option><option value=\"Divorciado(a)\"  data-calculation=\"0\">Divorciado(a)<\/option><\/select><\/div><\/div><div id=\"text-3\" class=\"forminator-field-text forminator-col forminator-col-4 \"><div class=\"forminator-field\"><label for=\"forminator-field-text-3_69d4fb54c5af6\" id=\"forminator-field-text-3_69d4fb54c5af6-label\" class=\"forminator-label\">C\u00f4njuge<\/label><input type=\"text\" name=\"text-3\" value=\"\" placeholder=\"Informe o Nome\" id=\"forminator-field-text-3_69d4fb54c5af6\" class=\"forminator-input forminator-name--field\" data-required=\"\" \/><\/div><\/div><div id=\"date-2\" class=\"forminator-field-date forminator-col forminator-col-4 \"><div class=\"forminator-field\"><label for=\"forminator-field-date-2-picker_69d4fb54c5af6\" id=\"forminator-field-date-2-picker_69d4fb54c5af6-label\" class=\"forminator-label\">Nascimento do C\u00f4njuge<\/label><div class=\"forminator-input-with-icon\"><span class=\"forminator-icon-calendar\" aria-hidden=\"true\"><\/span><input autocomplete=\"off\" type=\"text\" size=\"1\" name=\"date-2\" value=\"\" placeholder=\"Escolher Data\" id=\"forminator-field-date-2-picker_69d4fb54c5af6\" class=\"forminator-input forminator-datepicker\" data-required=\"\" data-format=\"dd-mm-yy\" data-restrict-type=\"\" data-restrict=\"\" data-start-year=\"1926\" data-end-year=\"2126\" data-past-dates=\"enable\" data-start-of-week=\"1\" data-start-date=\"\" data-end-date=\"\" data-start-field=\"\" data-end-field=\"\" data-start-offset=\"\" data-end-offset=\"\" data-disable-date=\"\" data-disable-range=\"\" \/><\/div><\/div><\/div><\/div><div class=\"forminator-row\"><div id=\"textarea-1\" class=\"forminator-field-textarea forminator-col forminator-col-12 \"><div class=\"forminator-field\"><label for=\"forminator-field-textarea-1_69d4fb54c5af6\" id=\"forminator-field-textarea-1_69d4fb54c5af6-label\" class=\"forminator-label\">Observa\u00e7\u00f5es<\/label><textarea name=\"textarea-1\" placeholder=\"Se tiver filhos, adicione aqui o nome e a idade deles.\" id=\"forminator-field-textarea-1_69d4fb54c5af6\" class=\"forminator-textarea\" rows=\"6\" style=\"min-height:140px;\" ><\/textarea><\/div><\/div><\/div><div class=\"forminator-row\"><div id=\"section-2\" class=\"forminator-field-section forminator-col forminator-col-12 \"><div class=\"forminator-field\"><h2 class=\"forminator-title\">DADOS DE CONTATO<\/h2><hr class=\"forminator-border\" style=\"border: 1px solid 1;\" \/><\/div><\/div><\/div><div class=\"forminator-row\"><div id=\"phone-1\" class=\"forminator-field-phone forminator-col forminator-col-4 \"><div class=\"forminator-field\"><label for=\"forminator-field-phone-1_69d4fb54c5af6\" id=\"forminator-field-phone-1_69d4fb54c5af6-label\" class=\"forminator-label\">Telefone\/WhatsApp<\/label><input type=\"text\" name=\"phone-1\" value=\"\" placeholder=\"\" id=\"forminator-field-phone-1_69d4fb54c5af6\" class=\"forminator-input forminator-field--phone\" data-required=\"\" aria-required=\"false\" autocomplete=\"off\" \/><\/div><\/div><div id=\"email-1\" class=\"forminator-field-email forminator-col forminator-col-4 \"><div class=\"forminator-field\"><label for=\"forminator-field-email-1_69d4fb54c5af6\" id=\"forminator-field-email-1_69d4fb54c5af6-label\" class=\"forminator-label\">E-mail<\/label><input type=\"email\" name=\"email-1\" value=\"\" placeholder=\"\" id=\"forminator-field-email-1_69d4fb54c5af6\" class=\"forminator-input forminator-email--field\" data-required=\"\" aria-required=\"false\" \/><\/div><\/div><div id=\"address-1\" class=\"forminator-field-address forminator-col forminator-col-4 \"><div class=\"forminator-row\"><div id=\"address-1-street_address\" class=\"forminator-col\"><div class=\"forminator-field\"><label for=\"forminator-field-address-1-street_address_69d4fb54c5af6\" id=\"forminator-field-address-1-street_address_69d4fb54c5af6-label\" class=\"forminator-label\">Rua\/Av\/Trav<\/label><input type=\"text\" name=\"address-1-street_address\" placeholder=\"\" id=\"forminator-field-address-1-street_address_69d4fb54c5af6\" class=\"forminator-input\" data-required=\"\" aria-required=\"false\" value=\"\" \/><\/div><\/div><\/div><div class=\"forminator-row\" data-multiple=\"false\"><div id=\"address-1-city\" class=\"forminator-col forminator-col-12\"><div class=\"forminator-field\"><label for=\"forminator-field-address-1-city_69d4fb54c5af6\" id=\"forminator-field-address-1-city_69d4fb54c5af6-label\" class=\"forminator-label\">Cidade<\/label><input type=\"text\" name=\"address-1-city\" placeholder=\"\" id=\"forminator-field-address-1-city_69d4fb54c5af6\" class=\"forminator-input\" data-required=\"\" aria-required=\"false\" value=\"\" \/><\/div><\/div><\/div><div class=\"forminator-row\" data-multiple=\"false\"><div id=\"address-1-zip\" class=\"forminator-col forminator-col-12\"><div class=\"forminator-field\"><label for=\"forminator-field-address-1-zip_69d4fb54c5af6\" id=\"forminator-field-address-1-zip_69d4fb54c5af6-label\" class=\"forminator-label\">CEP<\/label><input type=\"text\" name=\"address-1-zip\" placeholder=\"\" id=\"forminator-field-address-1-zip_69d4fb54c5af6\" class=\"forminator-input\" value=\"\" \/><\/div><\/div><\/div><\/div><\/div><div class=\"forminator-row\"><div id=\"section-3\" class=\"forminator-field-section forminator-col forminator-col-12 \"><div class=\"forminator-field\"><h2 class=\"forminator-title\">DADOS PROFISSIONAIS<\/h2><hr class=\"forminator-border\" style=\"border: 1px solid 1;\" \/><\/div><\/div><\/div><div class=\"forminator-row\"><div id=\"text-6\" class=\"forminator-field-text forminator-col forminator-col-6 \"><div class=\"forminator-field\"><label for=\"forminator-field-text-6_69d4fb54c5af6\" id=\"forminator-field-text-6_69d4fb54c5af6-label\" class=\"forminator-label\">Local de Trabalho<\/label><input type=\"text\" name=\"text-6\" value=\"\" placeholder=\"\" id=\"forminator-field-text-6_69d4fb54c5af6\" class=\"forminator-input forminator-name--field\" data-required=\"\" \/><\/div><\/div><div id=\"date-3\" class=\"forminator-field-date forminator-col forminator-col-6 \"><div class=\"forminator-field\"><label for=\"forminator-field-date-3-picker_69d4fb54c5af6\" id=\"forminator-field-date-3-picker_69d4fb54c5af6-label\" class=\"forminator-label\">Admiss\u00e3o<\/label><div class=\"forminator-input-with-icon\"><span class=\"forminator-icon-calendar\" aria-hidden=\"true\"><\/span><input autocomplete=\"off\" type=\"text\" size=\"1\" name=\"date-3\" value=\"\" placeholder=\"Escolher Data\" id=\"forminator-field-date-3-picker_69d4fb54c5af6\" class=\"forminator-input forminator-datepicker\" data-required=\"\" data-format=\"dd-mm-yy\" data-restrict-type=\"\" data-restrict=\"\" data-start-year=\"1926\" data-end-year=\"2126\" data-past-dates=\"enable\" data-start-of-week=\"1\" data-start-date=\"\" data-end-date=\"\" data-start-field=\"\" data-end-field=\"\" data-start-offset=\"\" data-end-offset=\"\" data-disable-date=\"\" data-disable-range=\"\" \/><\/div><\/div><\/div><\/div><div class=\"forminator-row\"><div id=\"number-3\" class=\"forminator-field-number forminator-col forminator-col-3 \"><div class=\"forminator-field\"><label for=\"forminator-field-number-3_69d4fb54c5af6\" id=\"forminator-field-number-3_69d4fb54c5af6-label\" class=\"forminator-label\">Cart Profissional<\/label><input name=\"number-3\" value=\"\" placeholder=\"\" id=\"forminator-field-number-3_69d4fb54c5af6\" class=\"forminator-input forminator-number--field\" inputmode=\"decimal\" data-required=\"\" data-decimals=\"0\" aria-required=\"false\" data-inputmask=\"&#039;groupSeparator&#039;: &#039;&#039;, &#039;radixPoint&#039;: &#039;&#039;, &#039;digits&#039;: &#039;0&#039;\" type=\"number\" step=\"any\" min=\"\" \/><\/div><\/div><div id=\"number-4\" class=\"forminator-field-number forminator-col forminator-col-3 \"><div class=\"forminator-field\"><label for=\"forminator-field-number-4_69d4fb54c5af6\" id=\"forminator-field-number-4_69d4fb54c5af6-label\" class=\"forminator-label\">S\u00e9rie<\/label><input name=\"number-4\" value=\"\" placeholder=\"\" id=\"forminator-field-number-4_69d4fb54c5af6\" class=\"forminator-input forminator-number--field\" inputmode=\"decimal\" data-required=\"\" data-decimals=\"0\" aria-required=\"false\" data-inputmask=\"&#039;groupSeparator&#039;: &#039;&#039;, &#039;radixPoint&#039;: &#039;&#039;, &#039;digits&#039;: &#039;0&#039;\" type=\"number\" step=\"any\" min=\"\" \/><\/div><\/div><div id=\"text-7\" class=\"forminator-field-text forminator-col forminator-col-3 \"><div class=\"forminator-field\"><label for=\"forminator-field-text-7_69d4fb54c5af6\" id=\"forminator-field-text-7_69d4fb54c5af6-label\" class=\"forminator-label\">Profiss\u00e3o<\/label><input type=\"text\" name=\"text-7\" value=\"\" placeholder=\"\" id=\"forminator-field-text-7_69d4fb54c5af6\" class=\"forminator-input forminator-name--field\" data-required=\"\" \/><\/div><\/div><div id=\"number-5\" class=\"forminator-field-number forminator-col forminator-col-3 \"><div class=\"forminator-field\"><label for=\"forminator-field-number-5_69d4fb54c5af6\" id=\"forminator-field-number-5_69d4fb54c5af6-label\" class=\"forminator-label\">Sal\u00e1rio<\/label><input name=\"number-5\" value=\"\" placeholder=\"\" id=\"forminator-field-number-5_69d4fb54c5af6\" class=\"forminator-input forminator-number--field\" inputmode=\"decimal\" data-required=\"\" data-decimals=\"0\" aria-required=\"false\" data-inputmask=\"&#039;groupSeparator&#039;: &#039;.&#039;, &#039;radixPoint&#039;: &#039;&#039;, &#039;digits&#039;: &#039;0&#039;\" \/><\/div><\/div><\/div><div class=\"forminator-row\"><div id=\"radio-1\" class=\"forminator-field-radio forminator-col forminator-col-12 \"><div role=\"radiogroup\" class=\"forminator-field\" aria-labelledby=\"forminator-radiogroup-radio-1-69d4fb54c5af6-label\" aria-describedby=\"forminator-radiogroup-radio-1-69d4fb54c5af6-description\"><span id=\"forminator-radiogroup-radio-1-69d4fb54c5af6-label\" class=\"forminator-label\">Contribui\u00e7\u00e3o Assistencial <span class=\"forminator-required\">*<\/span><\/span><label id=\"forminator-field-radio-1-label-1\" for=\"forminator-field-radio-1-1-69d4fb54c5af6\" class=\"forminator-radio\" title=\"Sim, autorizo\"><input type=\"radio\" name=\"radio-1\" value=\"Sim,-autorizo\" id=\"forminator-field-radio-1-1-69d4fb54c5af6\" aria-labelledby=\"forminator-field-radio-1-label-1\" data-calculation=\"0\"   aria-describedby=\"forminator-field-radio-1-69d4fb54c5af6-description\"\/><span class=\"forminator-radio-bullet\" aria-hidden=\"true\"><\/span><span class=\"forminator-radio-label\">Sim, autorizo<\/span><\/label><span id=\"forminator-radiogroup-radio-1-69d4fb54c5af6-description\" class=\"forminator-description\">Autorizo a esta entidade promover o desconto da contribui\u00e7\u00e3o assistencial por ocasi\u00e3o do diss\u00eddio da categoria, conforme determina\u00e7\u00e3o em Assembl\u00e9ia Geral.<\/span><\/div><\/div><\/div><div class=\"forminator-row\"><div id=\"captcha-1\" class=\"forminator-field-captcha forminator-col forminator-col-12 \"><div class=\"forminator-captcha-left forminator-g-recaptcha recaptcha-invisible\" data-theme=\"light\" data-badge=\"inline\" data-sitekey=\"6Lc9HXwjAAAAAIvpU0pNA4IY9i-7EWbwd_4oHakj\" data-size=\"invisible\"><\/div> <\/div><\/div><input type=\"hidden\" name=\"referer_url\" value=\"\" \/><div class=\"forminator-row forminator-row-last\"><div class=\"forminator-col\"><div class=\"forminator-field\"><button class=\"forminator-button forminator-button-submit\">Enviar mensagem<\/button><\/div><\/div><\/div><input type=\"hidden\" id=\"forminator_nonce\" name=\"forminator_nonce\" value=\"e20b79c1a5\" \/><input type=\"hidden\" name=\"_wp_http_referer\" value=\"\/wfe\/wp-json\/wp\/v2\/pages\/1211\" \/><input type=\"hidden\" name=\"form_id\" value=\"1210\"><input type=\"hidden\" name=\"page_id\" value=\"1211\"><input type=\"hidden\" name=\"form_type\" value=\"default\"><input type=\"hidden\" name=\"current_url\" value=\"https:\/\/comerciariossantarosa.com.br\/wfe\/sindicalize-se\/\"><input type=\"hidden\" name=\"render_id\" value=\"0\"><input type=\"hidden\" name=\"action\" value=\"forminator_submit_form_custom-forms\"><\/form><\/div>\n<\/div><\/div>\n<\/div><\/div><\/div>\n","protected":false},"excerpt":{"rendered":"","protected":false},"author":1,"featured_media":0,"parent":0,"menu_order":0,"comment_status":"closed","ping_status":"closed","template":"","meta":{"footnotes":""},"class_list":["post-1211","page","type-page","status-publish","hentry"],"_links":{"self":[{"href":"https:\/\/comerciariossantarosa.com.br\/wfe\/wp-json\/wp\/v2\/pages\/1211","targetHints":{"allow":["GET"]}}],"collection":[{"href":"https:\/\/comerciariossantarosa.com.br\/wfe\/wp-json\/wp\/v2\/pages"}],"about":[{"href":"https:\/\/comerciariossantarosa.com.br\/wfe\/wp-json\/wp\/v2\/types\/page"}],"author":[{"embeddable":true,"href":"https:\/\/comerciariossantarosa.com.br\/wfe\/wp-json\/wp\/v2\/users\/1"}],"replies":[{"embeddable":true,"href":"https:\/\/comerciariossantarosa.com.br\/wfe\/wp-json\/wp\/v2\/comments?post=1211"}],"version-history":[{"count":1,"href":"https:\/\/comerciariossantarosa.com.br\/wfe\/wp-json\/wp\/v2\/pages\/1211\/revisions"}],"predecessor-version":[{"id":1212,"href":"https:\/\/comerciariossantarosa.com.br\/wfe\/wp-json\/wp\/v2\/pages\/1211\/revisions\/1212"}],"wp:attachment":[{"href":"https:\/\/comerciariossantarosa.com.br\/wfe\/wp-json\/wp\/v2\/media?parent=1211"}],"curies":[{"name":"wp","href":"https:\/\/api.w.org\/{rel}","templated":true}]}}